{"id":335,"date":"2017-03-08T23:24:07","date_gmt":"2017-03-08T23:24:07","guid":{"rendered":"http:\/\/kud-sv-roko.hr\/?page_id=335"},"modified":"2017-03-09T15:28:28","modified_gmt":"2017-03-09T15:28:28","slug":"o-nama","status":"publish","type":"page","link":"http:\/\/kud-sv-roko.hr\/?page_id=335","title":{"rendered":"O nama"},"content":{"rendered":"<div class=\"flo-entry-content\"><p style=\"text-align: left;\">Dana 29. sije\u010dnja 2009. god. osnovana je Udruga pod nazivom Kulturno umjetni\u010dko dru\u0161tvo Sv. Roko sa sjedi\u0161tem u Sv. Filip i Jakovu.<br \/>\nVe\u0107 samo njeno ime spomenik je i Sveti libar utisnut u vrime jezikon ba\u0161tinske pisme koja moli, ljubi, slavi, tuguje, pra\u0161ta , a koja je i bodulska i gradska i vla\u0161ka iz drevnih obi\u010dajnika crpi lipotu i sklad.<br \/>\nU Udruzi pjevaju i ple\u0161u pituri i me\u0161tri, marineri i vinari, ribari i te\u017eaci, fu\u017ebaleri, profe\u0161uri, \u0161tudenti i pen\u0161junati, doturi, ori\u0111inali&#8230; i tako s toncon i pismon koja zvoni, \u0161umi, struji, miruje, zuji, kapje razvijaju kreativnost i njeguju svoje obi\u010daje i tradiciju, kroz pismu i doma\u0107u ri\u010d s podru\u010dja Sv. Filip i Jakova.<br \/>\nKao izraz podneblja u kojemu je nastala ona pjeva i ple\u0161e o \u017eivotu svima znanog, ali i malog, sasvim jednostavnog \u010dovjeka i \u017eene donose\u0107i nam Pripovidi o Dalmaciji.<br \/>\npovijest<br \/>\n\u201cKao \u0161to u \u0161koljci \u0161ume duboke morske struje u ljudskom glasu izra\u017eava se duboka tajna ljudskog bi\u0107a\u201d- ka\u017ee Jure Ka\u0161telan.<br \/>\nNjihova pisma i tonci gredu od justa do justa, pridaju se s kolina na kolino i nikad ne pristaju. Di god projdu i dojdu pozdravljaju je, skidaju kape, zazivaju Faljen Isus, suznih o\u0107iju obaraju pogled i di\u017eu je u nebo.<br \/>\nTo je pisma od svega i svakoga, na\u0161a poslanica i te\u0161tament.<br \/>\nOd nje \u017eivimo, di\u0161emo, znamo \u010da smo i ko smo, di nan je misto.<br \/>\nA ona samo reste, reste ta pisma i oni s njom.<br \/>\nJedno s drugim \u0161otobraco idu dalje u vrime koje se zove pisma i tonce.<br \/>\nU proteklim godinama Udruga stalno \u0161iri svoju djelatnost, osniva nove sekcije i priprema sve zahtjevnije programe:<br \/>\nU Udruzi djeluju sljede\u0107e sekcije:<br \/>\n1. Folklorna koju \u010dine: starija skupina, srednja skupina i mla\u0111a skupina<br \/>\n2. Mandolinski sastav<br \/>\n3. Dramska<br \/>\n4. Pjeva\u010dka (Zbor)<br \/>\nUdruga broji 130 \u010dlanova od toga je 40 odraslih i 30 mladih koji aktivno sudjeluju u Folklornoj sekciji, a ista koristi izvornu no\u0161nju s kraja<br \/>\n19-tog i po\u010detka 20-tog stolje\u0107a.<\/p>\n<p>Zna\u010dajniji nastupi su :<br \/>\n2009. god. :<br \/>\nManifestacija &#8220;Dani cvije\u0107a&#8221; Zadarske \u017dupanije koji je odr\u017ean u Sv. Filip i Jakovu<br \/>\nXII. Susreti KUD-ova \u201eHru\u0161evec 2009\u201c . u Hru\u0161evcu Kupljenskom<br \/>\nNa susretima folklora u Pola\u010di, Sv. Petru, Turnju, Biogradu n\/m, Ra\u0161tanima Donjim<\/p>\n<p>U direktnom prijenosu tv-emisije \u201eHrvatska u\u017eivo\u201c Biogradu n\/m<br \/>\nNa \u017eupanijskoj manifestaciji \u201eNo\u0107 punog miseca\u201c u Zadru<br \/>\n2010. god.:<br \/>\n\u201cLijepom Na\u0161om\u201d u Poli\u010dniku 2010. god.<br \/>\n\u201cSmotra oto\u010dnog folklora\u201d u Dobropoljani<br \/>\n\u201cVinkova\u010dke jeseni 2010\u201d u Vinkovcima<br \/>\nSmotra folklora u Grudama, BIH .<br \/>\nSve ostale manifestacije na lokalnom nivou.<br \/>\n2011. god.:<br \/>\nSmotra izvornog folklora \u201c Na Neretvu mise\u010dina pala\u201d u Metkovi\u0107u<br \/>\nNastup na Vinofestu &#8221; Modra&#8221;, Hrvatskom Grobu,<br \/>\nBratislavi \u2013 Slova\u010dka, rujan<br \/>\nNastup u Moha\u010du \u2013 Ma\u0111arska, studen<br \/>\n2012. god.<br \/>\nOrganiziramo zabavno glazbenu emisiju &#8220;Lijepom Na\u0161om&#8221; u Sv. Filipi Jakovu, travanj.<br \/>\nPosjeta Banjaluci i Banjalu\u010dkoj biskupiji te nastup u Banskom Dvoru, svibanj.<br \/>\n&#8220;\u0110akova\u010dki vezovi&#8221; \u0110akovo, srpanj.<br \/>\nPosjet Hrvatima u Boki Kotorskoj, Crna Gora, studeni.<br \/>\n2013. god.<br \/>\nPosjet Hrvatima u Budimpe\u0161ta i Moha\u0107u, Ma\u0111arska te nastup na manifestaciji &#8220;Susjedi2 i &#8220;Grahijada&#8221;, svibanj.<br \/>\nPosjet Moliseu &#8211; Moli\u0161ki Hrvati, Loreto, Asiz, Rim i Vatikan \u2013 Italia gdje smo imali slu\u017ebenu audijenciju kod Sv. Oca &#8211; Pape Franje, od 06.-12. listopada.<br \/>\n2014. god.<br \/>\nSmotra folklora u Hru\u0161evcu Kupljenskom \u2013Zapre\u0161i\u0107, svibanj.<br \/>\nSmotra Folklora na Ohridu, Makedonija, listopad. uz posjet Albaniji i Gr\u010dkoj<br \/>\n2015. god.<br \/>\nPosjet Hrvatima u Gradi\u0161\u0107u &#8211; Zilingtal\/Cileddrof,Austrija i Sopronu u Ma\u0111arskoj, svibanj uz izvo\u0111enje prigodnog programa<br \/>\nPosjet Krakowu, Poljska gdje smo bili gosti KUD-a &#8220;Skalin&#8221; uz izvo\u0111enje prigodnog programa te posjet Pragu i Veleposlanstvu RH i izvo\u0111enje prigodnog programa, listopad.<br \/>\nSvake godine organiziramo 3 manifestacije:<br \/>\nSRPANJ<br \/>\nBrodom po Pa\u0161manskom kanalu \u2013 uz moto Pove\u017eimo otok i obalu na kojoj sudjeluju do 10 KUD-ova (3 sa otoka Pa\u0161mana, a ostali su iz priobalja, zale\u0111a te gostuju\u0107i KUD-ovi iz RH uz program na brodovima i na Rivi u Sv. Filip i Jakovu.<\/p>\n<p>KOLOVOZ<br \/>\nSusret KUD-ova i klapa kod Sv. Roka \u201eDo budu\u0107nosti tragovima vlastite pro\u0161losti\u201c. Sudjeluje do 10 KUD-ova, do 2 klape, otoka i zale\u0111a te gostuju\u0107i KUD-ovi iz RH. Program je u sklopu pastoralnog obreda, prije i poslije Svete Mise, u polju kraj crkve Sv. Roka koja je 2 km udaljena od mjesta.<\/p>\n<p>PROSINAC<br \/>\n\u201eOsluhni nutarnje zvono\u201c \u2013 bo\u017ei\u0107ni koncert KUD-a Sv. Roko sa svim sekcijama te gostuju\u0107i KUD i gost ili gosti ve\u010deri.<br \/>\nU LIPNJU, SRPNJU, KOLOVOZU i RUJNU organiziramo<br \/>\n\u201e Lito folklora u Sv. Filip i Jakovu\u201c \u2013 sudjeluju KUD-ovi iz \u010ditave RH i inozemstva. Osiguravamo im 5 (pet) dana boravka u Sv. Filip i Jakovu i 2 (dva) nastupa tijekom boravka.<br \/>\nNa svim putovanjima sudjelujemo u Svetim Misama pri mjesnim Crkvama ili Katedralama kao aktivni u\u010desnici Euharistijskog obreda uz koordinaciju sa Crkvenim velikodostojnicima.<\/p>\n<\/div>","protected":false},"excerpt":{"rendered":"<p>Dana 29. sije\u010dnja 2009. god. osnovana je Udruga pod nazivom Kulturno umjetni\u010dko dru\u0161tvo Sv. Roko sa sjedi\u0161tem u Sv. Filip i Jakovu. Ve\u0107 samo njeno ime spomenik je i Sveti libar utisnut u vrime jezikon ba\u0161tinske pisme koja moli, ljubi, slavi, tuguje, pra\u0161ta , a koja je i bodulska i gradska i vla\u0161ka iz drevnih obi\u010dajnika crpi lipotu i sklad. U Udruzi pjevaju i ple\u0161u pituri i me\u0161tri, marineri i [&hellip;]<\/p>\n","protected":false},"author":1,"featured_media":0,"parent":0,"menu_order":0,"comment_status":"closed","ping_status":"closed","template":"","meta":[],"_links":{"self":[{"href":"http:\/\/kud-sv-roko.hr\/index.php?rest_route=\/wp\/v2\/pages\/335"}],"collection":[{"href":"http:\/\/kud-sv-roko.hr\/index.php?rest_route=\/wp\/v2\/pages"}],"about":[{"href":"http:\/\/kud-sv-roko.hr\/index.php?rest_route=\/wp\/v2\/types\/page"}],"author":[{"embeddable":true,"href":"http:\/\/kud-sv-roko.hr\/index.php?rest_route=\/wp\/v2\/users\/1"}],"replies":[{"embeddable":true,"href":"http:\/\/kud-sv-roko.hr\/index.php?rest_route=%2Fwp%2Fv2%2Fcomments&post=335"}],"version-history":[{"count":2,"href":"http:\/\/kud-sv-roko.hr\/index.php?rest_route=\/wp\/v2\/pages\/335\/revisions"}],"predecessor-version":[{"id":369,"href":"http:\/\/kud-sv-roko.hr\/index.php?rest_route=\/wp\/v2\/pages\/335\/revisions\/369"}],"wp:attachment":[{"href":"http:\/\/kud-sv-roko.hr\/index.php?rest_route=%2Fwp%2Fv2%2Fmedia&parent=335"}],"curies":[{"name":"wp","href":"https:\/\/api.w.org\/{rel}","templated":true}]}}